
{"id":372670,"date":"2021-04-13T15:39:42","date_gmt":"2021-04-13T13:39:42","guid":{"rendered":"https:\/\/h22.se\/press\/factsheet\/"},"modified":"2021-12-21T15:38:44","modified_gmt":"2021-12-21T14:38:44","slug":"factsheet","status":"publish","type":"page","link":"https:\/\/h22.se\/en\/press\/factsheet\/","title":{"rendered":"Factsheet"},"content":{"rendered":"<p>[vc_section full_width=&#8221;stretch_row_content&#8221; el_class=&#8221;min-height-30vh header_gdpr&#8221;][\/vc_section][vc_section][vc_row css=&#8221;.vc_custom_1588765705328{margin-top: 0px !important;margin-right: 0px !important;margin-bottom: 0px !important;margin-left: 0px !important;padding-top: 0px !important;padding-right: 0px !important;padding-bottom: 0px !important;padding-left: 0px !important;}&#8221;][vc_column][vc_row_inner el_class=&#8221;contact-logo-header&#8221; css=&#8221;.vc_custom_1591795908602{background-color: #ffffff !important;}&#8221;][vc_column_inner][vc_custom_heading text=&#8221;Factsheet&#8221; font_container=&#8221;tag:h1|text_align:left|color:%230095db&#8221; use_theme_fonts=&#8221;yes&#8221; css=&#8221;.vc_custom_1618383139163{padding-bottom: 30px !important;}&#8221; el_class=&#8221;titelborderblue&#8221;][\/vc_column_inner][\/vc_row_inner][\/vc_column][\/vc_row][\/vc_section][vc_section css=&#8221;.vc_custom_1591796138579{margin-right: 30px !important;margin-left: 30px !important;}&#8221;][\/vc_section][vc_section el_class=&#8221;pressarchive-section&#8221;][vc_row gap=&#8221;35&#8243;][vc_column width=&#8221;2\/3&#8243; el_class=&#8221;projects-left-col&#8221;][vc_custom_heading text=&#8221;H22 \u2013 THE <strong>MAKING<\/strong><br \/>\nOF A SMARTER CITY&#8221; font_container=&#8221;tag:h2|text_align:left|color:%230095db|line_height:1.2&#8243; use_theme_fonts=&#8221;yes&#8221; css=&#8221;.vc_custom_1618320836681{padding-bottom: 30px !important;}&#8221;][vc_column_text]<\/p>\n<p>H22 City Expo is an international event in Helsingborg, Sweden in the summer of 2022 that will focus on long-term innovation work aimed at lasting change, for example, through circular solutions, sustainable urban development, smart technology, and much more.<\/p>\n<p>In 2020, the European Commission awarded Helsingborg as one of Europe\u2019s most innovative cities, and H22 is part of a focused effort to accelerate the innovation work. During H22 City Expo, you will be able to see, experience, and explore innovations that will shape the smart and sustainable cities of the future.<\/p>\n<p>[\/vc_column_text][vc_empty_space][vc_custom_heading text=&#8221;SOME INNOVATIONS FOR<br \/>\n<strong>TOMORROW&#8217;S SMART CITY<\/strong>&#8221; font_container=&#8221;tag:h5|text_align:left|color:%230095db|line_height:1.2&#8243; use_theme_fonts=&#8221;yes&#8221; css=&#8221;.vc_custom_1618383470280{padding-bottom: 45px !important;}&#8221;][vc_row_inner][vc_column_inner width=&#8221;1\/3&#8243;][vc_single_image image=&#8221;372636&#8243; img_size=&#8221;250&#215;250&#8243;][\/vc_column_inner][vc_column_inner width=&#8221;2\/3&#8243;][vc_custom_heading text=&#8221;THREE PIPES CIRCULAR SEWER SYSTEM&#8221; font_container=&#8221;tag:h3|text_align:left|color:%230095db&#8221; use_theme_fonts=&#8221;yes&#8221;][vc_column_text]<\/p>\n<p><strong>Smart circular housing in practice<br \/>\n<\/strong><br \/>\nIn the newly built city district of Oceanhamnen in central Helsingborg, more than 2,000 homes and offices are using a unique system for increased sustainability. Simply put, three different pipes run from each home or office and enable water and waste resources to be converted into renewable energy. The project is the first in the world to use the new system at full scale \u2013 following its development in Helsingborg \u2013 along with sister projects in six cities around Northern Europe.<\/p>\n<p>[\/vc_column_text][\/vc_column_inner][\/vc_row_inner][vc_row_inner][vc_column_inner width=&#8221;1\/3&#8243;][vc_single_image image=&#8221;372638&#8243; img_size=&#8221;250&#215;250&#8243;][\/vc_column_inner][vc_column_inner width=&#8221;2\/3&#8243;][vc_custom_heading text=&#8221;BIOCHAR&#8221; font_container=&#8221;tag:h3|text_align:left|color:%230095db&#8221; use_theme_fonts=&#8221;yes&#8221;][vc_column_text]<\/p>\n<p><strong>A climate-friendly carbon product that reduces emissions<\/strong><\/p>\n<p>Working out of Vera Park \u2013 a thriving test bed for jointly developing green solutions in Helsingborg \u2013 NSR (regional environmental company Nordv\u00e4stra Sk\u00e5nes Renh\u00e5llning AB) is exploring the role that biochar can play in addressing climate issues. Biochar is produced by burning organic material\u00a0in a container with very little oxygen, a process known as pyrolysis. The result is a stable form of carbon that won\u2019t easily leak into the atmosphere, and clean energy is created in the process in the form of heat. Biochar can also be used in soil to bind the carbon dioxide released when waste from gardening and agriculture is left to decompose naturally.<\/p>\n<p>[\/vc_column_text][\/vc_column_inner][\/vc_row_inner][vc_row_inner][vc_column_inner width=&#8221;1\/3&#8243;][vc_single_image image=&#8221;372640&#8243; img_size=&#8221;250&#215;250&#8243;][\/vc_column_inner][vc_column_inner width=&#8221;2\/3&#8243;][vc_custom_heading text=&#8221;IKEA&#8221; font_container=&#8221;tag:h3|text_align:left|color:%230095db&#8221; use_theme_fonts=&#8221;yes&#8221;][vc_column_text]<\/p>\n<p><strong>Sustainable urban planning in real time<\/strong><\/p>\n<p>The furniture giant is a major partner of H22, and for the first time in the company\u2019s history, IKEA is collaborating with an entire city through several unique projects in Helsingborg. Among other things, a new little community is being built in the forest of Fredriksdal, specifically with H22 City Expo in mind, where students and researchers from around the world will be engaged in exploring how to create truly sustainable and circular housing and communities for the future.<\/p>\n<p>[\/vc_column_text][\/vc_column_inner][\/vc_row_inner][\/vc_column][vc_column width=&#8221;1\/3&#8243; bg_color=&#8221;custom&#8221; bg_color_hex=&#8221;#fbfbfb&#8221; inner_class=&#8221;hide-me&#8221; css=&#8221;.vc_custom_1593583932352{background-color: #f2f2f2 !important;}&#8221; el_class=&#8221;press-right-col&#8221;][vc_custom_heading text=&#8221;NEWS &amp; PRESS&#8221; font_container=&#8221;tag:p|font_size:18|text_align:left|color:%23737373&#8243; google_fonts=&#8221;font_family:Roboto%3A100%2C100italic%2C300%2C300italic%2Cregular%2Citalic%2C500%2C500italic%2C700%2C700italic%2C900%2C900italic|font_style:700%20bold%20regular%3A700%3Anormal&#8221;][vc_wp_custommenu nav_menu=&#8221;493&#8243;][vc_row_inner][vc_column_inner][vc_custom_heading text=&#8221;H22 City Expo in brief:&#8221; font_container=&#8221;tag:p|font_size:18|text_align:left|color:%23737373&#8243; google_fonts=&#8221;font_family:Roboto%3A100%2C100italic%2C300%2C300italic%2Cregular%2Citalic%2C500%2C500italic%2C700%2C700italic%2C900%2C900italic|font_style:700%20bold%20regular%3A700%3Anormal&#8221;][vc_column_text]<\/p>\n<p>35 days<\/p>\n<p>30 May to 3 July 2022<\/p>\n<p>4 geographical main areas<br \/>\n\u2013 SeaU\/City Centre, Oceanhamnen,<br \/>\nDrottningh\u00f6g, and Slottshagen<\/p>\n<p>200+ innovations for<br \/>\ntomorrow\u2019s smart city<\/p>\n<p>70+ collaborators from the<br \/>\nbusiness sector and academia<\/p>\n<p>&nbsp;<\/p>\n<p>The decision to accelerate the city&#8217;s innovation development through H22 was made in 2019, but H22 City Expo in 2022 is also just a stop along the way. The journey began already in 2012 when the city adopted a common vision for what Helsingborg will be like by 2035. H22 is financed by a lump-sum dividend from the Port of Helsingborg.<\/p>\n<p>For more information about Helsingborg, please visit <a href=\"https:\/\/h22.se\/en\/about-helsingborg\/\">https:\/\/h22.se\/en\/about-helsingborg\/<\/a><\/p>\n<p>[\/vc_column_text][\/vc_column_inner][\/vc_row_inner][vc_column_text]<\/p>\n<div class=\"share-simple-wrapper share_item\"><span class=\"share-label\">Share<\/span><BR><div class=\"icons\"><a target=\"_blank\" class=\"linkedin\" href=\"https:\/\/www.linkedin.com\/shareArticle?mini=true&url=https%3A%2F%2Fh22.se%2Fen%2Fpress%2Ffactsheet%2F\"><i class=\"icon-linkedin\"><\/i><\/a><a target=\"_blank\" class=\"facebook\" href=\"https:\/\/www.facebook.com\/sharer\/sharer.php?u=https%3A%2F%2Fh22.se%2Fen%2Fpress%2Ffactsheet%2F\"><i class=\"icon-facebook\"><\/i><\/a><\/div><\/div>\n<p>[\/vc_column_text][\/vc_column][\/vc_row][\/vc_section]<\/p>\n","protected":false},"excerpt":{"rendered":"<p>[vc_section full_width=&#8221;stretch_row_content&#8221; el_class=&#8221;min-height-30vh header_gdpr&#8221;][\/vc_section][vc_section][vc_row css=&#8221;.vc_custom_1588765705328{margin-top: 0px !important;margin-right: 0px !important;margin-bottom: 0px !important;margin-left: 0px !important;padding-top: 0px !important;padding-right: 0px !important;padding-bottom: 0px !important;padding-left: 0px !important;}&#8221;][vc_column][vc_row_inner el_class=&#8221;contact-logo-header&#8221; css=&#8221;.vc_custom_1591795908602{background-color: #ffffff !important;}&#8221;][vc_column_inner][vc_custom_heading text=&#8221;Factsheet&#8221;<span class=\"excerpt-hellip\"> [\u2026]<\/span><\/p>\n","protected":false},"author":1,"featured_media":0,"parent":355032,"menu_order":0,"comment_status":"closed","ping_status":"closed","template":"","meta":{"inline_featured_image":false},"page-tag":[],"connect-tag":[],"yoast_head":"<!-- This site is optimized with the Yoast SEO plugin v21.5 - https:\/\/yoast.com\/wordpress\/plugins\/seo\/ -->\n<title>Factsheet - H22<\/title>\n<meta name=\"robots\" content=\"index, follow, max-snippet:-1, max-image-preview:large, max-video-preview:-1\" \/>\n<link rel=\"canonical\" href=\"https:\/\/h22.se\/en\/press\/factsheet\/\" \/>\n<meta property=\"og:locale\" content=\"en_US\" \/>\n<meta property=\"og:type\" content=\"article\" \/>\n<meta property=\"og:title\" content=\"Factsheet - H22\" \/>\n<meta property=\"og:description\" content=\"[vc_section full_width=&#8221;stretch_row_content&#8221; el_class=&#8221;min-height-30vh header_gdpr&#8221;][\/vc_section][vc_section][vc_row css=&#8221;.vc_custom_1588765705328{margin-top: 0px !important;margin-right: 0px !important;margin-bottom: 0px !important;margin-left: 0px !important;padding-top: 0px !important;padding-right: 0px !important;padding-bottom: 0px !important;padding-left: 0px !important;}&#8221;][vc_column][vc_row_inner el_class=&#8221;contact-logo-header&#8221; css=&#8221;.vc_custom_1591795908602{background-color: #ffffff !important;}&#8221;][vc_column_inner][vc_custom_heading text=&#8221;Factsheet&#8221; [\u2026]\" \/>\n<meta property=\"og:url\" content=\"https:\/\/h22.se\/en\/press\/factsheet\/\" \/>\n<meta property=\"og:site_name\" content=\"H22\" \/>\n<meta property=\"article:modified_time\" content=\"2021-12-21T14:38:44+00:00\" \/>\n<meta property=\"og:image\" content=\"https:\/\/h22.se\/wp-content\/uploads\/2020\/05\/H22_Maj_2020.jpg\" \/>\n\t<meta property=\"og:image:width\" content=\"1920\" \/>\n\t<meta property=\"og:image:height\" content=\"1080\" \/>\n\t<meta property=\"og:image:type\" content=\"image\/jpeg\" \/>\n<meta name=\"twitter:card\" content=\"summary_large_image\" \/>\n<meta name=\"twitter:label1\" content=\"Est. reading time\" \/>\n\t<meta name=\"twitter:data1\" content=\"3 minutes\" \/>\n<script type=\"application\/ld+json\" class=\"yoast-schema-graph\">{\"@context\":\"https:\/\/schema.org\",\"@graph\":[{\"@type\":\"WebPage\",\"@id\":\"https:\/\/h22.se\/en\/press\/factsheet\/\",\"url\":\"https:\/\/h22.se\/en\/press\/factsheet\/\",\"name\":\"Factsheet - H22\",\"isPartOf\":{\"@id\":\"https:\/\/h22.se\/en\/#website\"},\"datePublished\":\"2021-04-13T13:39:42+00:00\",\"dateModified\":\"2021-12-21T14:38:44+00:00\",\"breadcrumb\":{\"@id\":\"https:\/\/h22.se\/en\/press\/factsheet\/#breadcrumb\"},\"inLanguage\":\"en-US\",\"potentialAction\":[{\"@type\":\"ReadAction\",\"target\":[\"https:\/\/h22.se\/en\/press\/factsheet\/\"]}]},{\"@type\":\"BreadcrumbList\",\"@id\":\"https:\/\/h22.se\/en\/press\/factsheet\/#breadcrumb\",\"itemListElement\":[{\"@type\":\"ListItem\",\"position\":1,\"name\":\"Hem\",\"item\":\"https:\/\/h22.se\/en\/\"},{\"@type\":\"ListItem\",\"position\":2,\"name\":\"Press\",\"item\":\"https:\/\/h22.se\/en\/press\/\"},{\"@type\":\"ListItem\",\"position\":3,\"name\":\"Factsheet\"}]},{\"@type\":\"WebSite\",\"@id\":\"https:\/\/h22.se\/en\/#website\",\"url\":\"https:\/\/h22.se\/en\/\",\"name\":\"H22\",\"description\":\"The making of a smarter city\",\"publisher\":{\"@id\":\"https:\/\/h22.se\/en\/#organization\"},\"potentialAction\":[{\"@type\":\"SearchAction\",\"target\":{\"@type\":\"EntryPoint\",\"urlTemplate\":\"https:\/\/h22.se\/en\/?s={search_term_string}\"},\"query-input\":\"required name=search_term_string\"}],\"inLanguage\":\"en-US\"},{\"@type\":\"Organization\",\"@id\":\"https:\/\/h22.se\/en\/#organization\",\"name\":\"H22 | The making of a smarter city\",\"url\":\"https:\/\/h22.se\/en\/\",\"logo\":{\"@type\":\"ImageObject\",\"inLanguage\":\"en-US\",\"@id\":\"https:\/\/h22.se\/en\/#\/schema\/logo\/image\/\",\"url\":\"https:\/\/h22.se\/wp-content\/uploads\/2020\/06\/h22-logo.png\",\"contentUrl\":\"https:\/\/h22.se\/wp-content\/uploads\/2020\/06\/h22-logo.png\",\"width\":313,\"height\":165,\"caption\":\"H22 | The making of a smarter city\"},\"image\":{\"@id\":\"https:\/\/h22.se\/en\/#\/schema\/logo\/image\/\"}}]}<\/script>\n<!-- \/ Yoast SEO plugin. -->","yoast_head_json":{"title":"Factsheet - H22","robots":{"index":"index","follow":"follow","max-snippet":"max-snippet:-1","max-image-preview":"max-image-preview:large","max-video-preview":"max-video-preview:-1"},"canonical":"https:\/\/h22.se\/en\/press\/factsheet\/","og_locale":"en_US","og_type":"article","og_title":"Factsheet - H22","og_description":"[vc_section full_width=&#8221;stretch_row_content&#8221; el_class=&#8221;min-height-30vh header_gdpr&#8221;][\/vc_section][vc_section][vc_row css=&#8221;.vc_custom_1588765705328{margin-top: 0px !important;margin-right: 0px !important;margin-bottom: 0px !important;margin-left: 0px !important;padding-top: 0px !important;padding-right: 0px !important;padding-bottom: 0px !important;padding-left: 0px !important;}&#8221;][vc_column][vc_row_inner el_class=&#8221;contact-logo-header&#8221; css=&#8221;.vc_custom_1591795908602{background-color: #ffffff !important;}&#8221;][vc_column_inner][vc_custom_heading text=&#8221;Factsheet&#8221; [\u2026]","og_url":"https:\/\/h22.se\/en\/press\/factsheet\/","og_site_name":"H22","article_modified_time":"2021-12-21T14:38:44+00:00","og_image":[{"width":1920,"height":1080,"url":"https:\/\/h22.se\/wp-content\/uploads\/2020\/05\/H22_Maj_2020.jpg","type":"image\/jpeg"}],"twitter_card":"summary_large_image","twitter_misc":{"Est. reading time":"3 minutes"},"schema":{"@context":"https:\/\/schema.org","@graph":[{"@type":"WebPage","@id":"https:\/\/h22.se\/en\/press\/factsheet\/","url":"https:\/\/h22.se\/en\/press\/factsheet\/","name":"Factsheet - H22","isPartOf":{"@id":"https:\/\/h22.se\/en\/#website"},"datePublished":"2021-04-13T13:39:42+00:00","dateModified":"2021-12-21T14:38:44+00:00","breadcrumb":{"@id":"https:\/\/h22.se\/en\/press\/factsheet\/#breadcrumb"},"inLanguage":"en-US","potentialAction":[{"@type":"ReadAction","target":["https:\/\/h22.se\/en\/press\/factsheet\/"]}]},{"@type":"BreadcrumbList","@id":"https:\/\/h22.se\/en\/press\/factsheet\/#breadcrumb","itemListElement":[{"@type":"ListItem","position":1,"name":"Hem","item":"https:\/\/h22.se\/en\/"},{"@type":"ListItem","position":2,"name":"Press","item":"https:\/\/h22.se\/en\/press\/"},{"@type":"ListItem","position":3,"name":"Factsheet"}]},{"@type":"WebSite","@id":"https:\/\/h22.se\/en\/#website","url":"https:\/\/h22.se\/en\/","name":"H22","description":"The making of a smarter city","publisher":{"@id":"https:\/\/h22.se\/en\/#organization"},"potentialAction":[{"@type":"SearchAction","target":{"@type":"EntryPoint","urlTemplate":"https:\/\/h22.se\/en\/?s={search_term_string}"},"query-input":"required name=search_term_string"}],"inLanguage":"en-US"},{"@type":"Organization","@id":"https:\/\/h22.se\/en\/#organization","name":"H22 | The making of a smarter city","url":"https:\/\/h22.se\/en\/","logo":{"@type":"ImageObject","inLanguage":"en-US","@id":"https:\/\/h22.se\/en\/#\/schema\/logo\/image\/","url":"https:\/\/h22.se\/wp-content\/uploads\/2020\/06\/h22-logo.png","contentUrl":"https:\/\/h22.se\/wp-content\/uploads\/2020\/06\/h22-logo.png","width":313,"height":165,"caption":"H22 | The making of a smarter city"},"image":{"@id":"https:\/\/h22.se\/en\/#\/schema\/logo\/image\/"}}]}},"publishpress_future_action":{"enabled":false,"date":"2026-04-26 18:51:22","action":"change-status","newStatus":"draft","terms":[],"taxonomy":"translation_priority"},"publishpress_future_workflow_manual_trigger":{"enabledWorkflows":[]},"_links":{"self":[{"href":"https:\/\/h22.se\/en\/wp-json\/wp\/v2\/pages\/372670"}],"collection":[{"href":"https:\/\/h22.se\/en\/wp-json\/wp\/v2\/pages"}],"about":[{"href":"https:\/\/h22.se\/en\/wp-json\/wp\/v2\/types\/page"}],"author":[{"embeddable":true,"href":"https:\/\/h22.se\/en\/wp-json\/wp\/v2\/users\/1"}],"replies":[{"embeddable":true,"href":"https:\/\/h22.se\/en\/wp-json\/wp\/v2\/comments?post=372670"}],"version-history":[{"count":14,"href":"https:\/\/h22.se\/en\/wp-json\/wp\/v2\/pages\/372670\/revisions"}],"predecessor-version":[{"id":376751,"href":"https:\/\/h22.se\/en\/wp-json\/wp\/v2\/pages\/372670\/revisions\/376751"}],"up":[{"embeddable":true,"href":"https:\/\/h22.se\/en\/wp-json\/wp\/v2\/pages\/355032"}],"wp:attachment":[{"href":"https:\/\/h22.se\/en\/wp-json\/wp\/v2\/media?parent=372670"}],"wp:term":[{"taxonomy":"page-tag","embeddable":true,"href":"https:\/\/h22.se\/en\/wp-json\/wp\/v2\/page-tag?post=372670"},{"taxonomy":"connect-tag","embeddable":true,"href":"https:\/\/h22.se\/en\/wp-json\/wp\/v2\/connect-tag?post=372670"}],"curies":[{"name":"wp","href":"https:\/\/api.w.org\/{rel}","templated":true}]}}