
{"id":357312,"date":"2020-06-28T13:36:01","date_gmt":"2020-06-28T11:36:01","guid":{"rendered":"http:\/\/h22.se.loopiadns.com\/rosten\/"},"modified":"2021-07-05T10:51:21","modified_gmt":"2021-07-05T08:51:21","slug":"the-voice","status":"publish","type":"page","link":"https:\/\/h22.se\/en\/the-voice\/","title":{"rendered":"The Voice"},"content":{"rendered":"<p>[vc_section full_width=&#8221;stretch_row&#8221; text_color=&#8221;white&#8221; min_height=&#8221;60vh&#8221; content_alignment=&#8221;center&#8221; bg_image=&#8221;13815&#8243; bg_size=&#8221;cover&#8221; bg_pos=&#8221;bottom&#8221; el_class=&#8221;partner-bar min-height-20vh&#8221; css=&#8221;.vc_custom_1592319778403{background-color: #0095db !important;background-position: center !important;background-repeat: no-repeat !important;background-size: cover !important;}&#8221;][\/vc_section][vc_section][vc_row css=&#8221;.vc_custom_1588765705328{margin-top: 0px !important;margin-right: 0px !important;margin-bottom: 0px !important;margin-left: 0px !important;padding-top: 0px !important;padding-right: 0px !important;padding-bottom: 0px !important;padding-left: 0px !important;}&#8221;][vc_column][vc_row_inner el_class=&#8221;projects-logo-header&#8221; css=&#8221;.vc_custom_1591023157204{background-color: #ffffff !important;}&#8221;][vc_column_inner width=&#8221;1\/2&#8243;][vc_custom_heading text=&#8221;THE VOICE&#8221; font_container=&#8221;tag:p|text_align:left|color:%230095db&#8221; use_theme_fonts=&#8221;yes&#8221; css=&#8221;.vc_custom_1593420342737{padding-bottom: 30px !important;}&#8221; el_class=&#8221;project-holder-title titelborderblue&#8221;][vc_column_text]<\/p>\n<div>Here you can find voices from all across Helsingborg, but what they all have in common is a genuine commitment to their city. Read their perspectives on urban development, opportunities, challenges, collaborations, and their plans and dreams for the future.<\/div>\n<p>[\/vc_column_text][\/vc_column_inner][vc_column_inner width=&#8221;1\/2&#8243;][\/vc_column_inner][\/vc_row_inner][\/vc_column][\/vc_row][\/vc_section][vc_section el_class=&#8221;pressarchive-section&#8221;][vc_row css=&#8221;.vc_custom_1614342057619{margin-bottom: 90px !important;}&#8221;][vc_column][vc_basic_grid post_type=&#8221;rosten&#8221; max_items=&#8221;15&#8243; orderby=&#8221;title&#8221; order=&#8221;ASC&#8221; item=&#8221;357256&#8243; grid_id=&#8221;vc_gid:1625475049800-2e0ebbbf-6b76-3&#8243;][\/vc_column][\/vc_row][vc_row][vc_column width=&#8221;1\/2&#8243;][vc_custom_heading text=&#8221;URBANISTICA PODCAST&#8221; font_container=&#8221;tag:p|text_align:left|color:%230095db&#8221; use_theme_fonts=&#8221;yes&#8221; css=&#8221;.vc_custom_1614341960915{padding-bottom: 30px !important;}&#8221; el_class=&#8221;project-holder-title titelborderblue&#8221;][vc_column_text]<\/p>\n<div>Listen to stories from around the world about the making of smarter and more thoughtful cities, designed to put people\u2019s needs first. Urbanistica is an H22 Partner and an international podcast by Mustafa Sherif, an Urban Planner and Designer based in Sweden.<\/div>\n<p>[\/vc_column_text][\/vc_column][vc_column width=&#8221;1\/2&#8243;][\/vc_column][\/vc_row][vc_row][vc_column][vc_column_text]<\/p>\n<div class=\"epyt-gallery\" data-currpage=\"1\" id=\"epyt_gallery_97843\"><div class=\"epyt-video-wrapper\"><iframe  id=\"_ytid_25630\"  width=\"1220\" height=\"686\"  data-origwidth=\"1220\" data-origheight=\"686\"  data-relstop=\"1\" src=\"https:\/\/www.youtube.com\/embed\/ff6cUvGONeI?enablejsapi=1&autoplay=0&cc_load_policy=0&cc_lang_pref=&iv_load_policy=1&loop=0&modestbranding=0&rel=0&fs=1&playsinline=0&autohide=2&theme=dark&color=red&controls=1&\" class=\"__youtube_prefs__  no-lazyload\" title=\"YouTube player\"  data-epytgalleryid=\"epyt_gallery_97843\"  allow=\"fullscreen; accelerometer; autoplay; clipboard-write; encrypted-media; gyroscope; picture-in-picture\" allowfullscreen data-no-lazy=\"1\" data-skipgform_ajax_framebjll=\"\"><\/iframe><\/div><div class=\"epyt-gallery-list\"><div class=\"epyt-pagination \"><div tabindex=\"0\" role=\"button\" class=\"epyt-pagebutton epyt-prev  hide \" data-playlistid=\"UU8msNnlQae3RcIqvjCUjUVA\" data-pagesize=\"15\" data-pagetoken=\"\" data-epcolumns=\"3\" data-showtitle=\"1\" data-showpaging=\"1\" data-autonext=\"0\" data-thumbplay=\"1\"><div class=\"epyt-arrow\">&laquo;<\/div> <div>Prev<\/div><\/div><div class=\"epyt-pagenumbers \"><div class=\"epyt-current\">1<\/div><div class=\"epyt-pageseparator\"> \/ <\/div><div class=\"epyt-totalpages\">57<\/div><\/div><div tabindex=\"0\" role=\"button\" class=\"epyt-pagebutton epyt-next\" data-playlistid=\"UU8msNnlQae3RcIqvjCUjUVA\" data-pagesize=\"15\" data-pagetoken=\"EAAaHlBUOkNBOGlFRVpHTVVVMFJEUkRORVl3TkRjMU1EVQ\" data-epcolumns=\"3\" data-showtitle=\"1\" data-showpaging=\"1\" data-autonext=\"0\" data-thumbplay=\"1\"><div>Next<\/div> <div class=\"epyt-arrow\">&raquo;<\/div><\/div><div class=\"epyt-loader\"><img alt=\"loading\" width=\"16\" height=\"11\" src=\"https:\/\/h22.se\/wp-content\/plugins\/youtube-embed-plus\/images\/gallery-page-loader.gif\"><\/div><\/div><div class=\"epyt-gallery-allthumbs  epyt-cols-3 \"><div tabindex=\"0\" role=\"button\" data-videoid=\"ff6cUvGONeI\" class=\"epyt-gallery-thumb\"><div class=\"epyt-gallery-img-box\"><div class=\"epyt-gallery-img\" style=\"background-image: url(https:\/\/i.ytimg.com\/vi\/ff6cUvGONeI\/hqdefault.jpg)\"><div class=\"epyt-gallery-playhover\"><img alt=\"play\" class=\"epyt-play-img\" width=\"30\" height=\"23\" src=\"https:\/\/h22.se\/wp-content\/plugins\/youtube-embed-plus\/images\/playhover.png\" data-no-lazy=\"1\" data-skipgform_ajax_framebjll=\"\" \/><div class=\"epyt-gallery-playcrutch\"><\/div><\/div><\/div><\/div><div class=\"epyt-gallery-title\">Skapa \u00e4kta platser: Lyssna, bo, och inkludera inv\u00e5narna! #shorts<\/div><\/div><div tabindex=\"0\" role=\"button\" data-videoid=\"JQewlMiU9uc\" class=\"epyt-gallery-thumb\"><div class=\"epyt-gallery-img-box\"><div class=\"epyt-gallery-img\" style=\"background-image: url(https:\/\/i.ytimg.com\/vi\/JQewlMiU9uc\/hqdefault.jpg)\"><div class=\"epyt-gallery-playhover\"><img alt=\"play\" class=\"epyt-play-img\" width=\"30\" height=\"23\" src=\"https:\/\/h22.se\/wp-content\/plugins\/youtube-embed-plus\/images\/playhover.png\" data-no-lazy=\"1\" data-skipgform_ajax_framebjll=\"\" \/><div class=\"epyt-gallery-playcrutch\"><\/div><\/div><\/div><\/div><div class=\"epyt-gallery-title\">\u00c4r v\u00e5r stadsutveckling fel? Norden&#039;s ljus gl\u00f6ms bort! #shorts<\/div><\/div><div tabindex=\"0\" role=\"button\" data-videoid=\"tzjCJgPIG5k\" class=\"epyt-gallery-thumb\"><div class=\"epyt-gallery-img-box\"><div class=\"epyt-gallery-img\" style=\"background-image: url(https:\/\/i.ytimg.com\/vi\/tzjCJgPIG5k\/hqdefault.jpg)\"><div class=\"epyt-gallery-playhover\"><img alt=\"play\" class=\"epyt-play-img\" width=\"30\" height=\"23\" src=\"https:\/\/h22.se\/wp-content\/plugins\/youtube-embed-plus\/images\/playhover.png\" data-no-lazy=\"1\" data-skipgform_ajax_framebjll=\"\" \/><div class=\"epyt-gallery-playcrutch\"><\/div><\/div><\/div><\/div><div class=\"epyt-gallery-title\">Hitta Ditt Unika S\u00e4tt: Nyckeln till Framg\u00e5ng #shorts<\/div><\/div><div class=\"epyt-gallery-rowbreak\"><\/div><div tabindex=\"0\" role=\"button\" data-videoid=\"AOyJe0QNdxo\" class=\"epyt-gallery-thumb\"><div class=\"epyt-gallery-img-box\"><div class=\"epyt-gallery-img\" style=\"background-image: url(https:\/\/i.ytimg.com\/vi\/AOyJe0QNdxo\/hqdefault.jpg)\"><div class=\"epyt-gallery-playhover\"><img alt=\"play\" class=\"epyt-play-img\" width=\"30\" height=\"23\" src=\"https:\/\/h22.se\/wp-content\/plugins\/youtube-embed-plus\/images\/playhover.png\" data-no-lazy=\"1\" data-skipgform_ajax_framebjll=\"\" \/><div class=\"epyt-gallery-playcrutch\"><\/div><\/div><\/div><\/div><div class=\"epyt-gallery-title\">Sluta bygga &quot;containrar&quot; \u2013 Arkitekter, V\u00c4GRA d\u00e5liga projekt! #shorts<\/div><\/div><div tabindex=\"0\" role=\"button\" data-videoid=\"MUb5-jU0YVc\" class=\"epyt-gallery-thumb\"><div class=\"epyt-gallery-img-box\"><div class=\"epyt-gallery-img\" style=\"background-image: url(https:\/\/i.ytimg.com\/vi\/MUb5-jU0YVc\/hqdefault.jpg)\"><div class=\"epyt-gallery-playhover\"><img alt=\"play\" class=\"epyt-play-img\" width=\"30\" height=\"23\" src=\"https:\/\/h22.se\/wp-content\/plugins\/youtube-embed-plus\/images\/playhover.png\" data-no-lazy=\"1\" data-skipgform_ajax_framebjll=\"\" \/><div class=\"epyt-gallery-playcrutch\"><\/div><\/div><\/div><\/div><div class=\"epyt-gallery-title\">Bygg Sj\u00e4lvledarskap: Skapa Trygghet och Fler Roliga Uppdrag #shorts<\/div><\/div><div tabindex=\"0\" role=\"button\" data-videoid=\"GewXMqa0kyM\" class=\"epyt-gallery-thumb\"><div class=\"epyt-gallery-img-box\"><div class=\"epyt-gallery-img\" style=\"background-image: url(https:\/\/i.ytimg.com\/vi\/GewXMqa0kyM\/hqdefault.jpg)\"><div class=\"epyt-gallery-playhover\"><img alt=\"play\" class=\"epyt-play-img\" width=\"30\" height=\"23\" src=\"https:\/\/h22.se\/wp-content\/plugins\/youtube-embed-plus\/images\/playhover.png\" data-no-lazy=\"1\" data-skipgform_ajax_framebjll=\"\" \/><div class=\"epyt-gallery-playcrutch\"><\/div><\/div><\/div><\/div><div class=\"epyt-gallery-title\">Women After Dark: Book Explores Night City Safety &amp; Feminism #shorts<\/div><\/div><div class=\"epyt-gallery-rowbreak\"><\/div><div tabindex=\"0\" role=\"button\" data-videoid=\"aGbiesPIh-Y\" class=\"epyt-gallery-thumb\"><div class=\"epyt-gallery-img-box\"><div class=\"epyt-gallery-img\" style=\"background-image: url(https:\/\/i.ytimg.com\/vi\/aGbiesPIh-Y\/hqdefault.jpg)\"><div class=\"epyt-gallery-playhover\"><img alt=\"play\" class=\"epyt-play-img\" width=\"30\" height=\"23\" src=\"https:\/\/h22.se\/wp-content\/plugins\/youtube-embed-plus\/images\/playhover.png\" data-no-lazy=\"1\" data-skipgform_ajax_framebjll=\"\" \/><div class=\"epyt-gallery-playcrutch\"><\/div><\/div><\/div><\/div><div class=\"epyt-gallery-title\">Framtidens Kompetens: F\u00f6rst\u00e5 Kunder och Verksamhet #shorts<\/div><\/div><div tabindex=\"0\" role=\"button\" data-videoid=\"W_pZuuNxtXk\" class=\"epyt-gallery-thumb\"><div class=\"epyt-gallery-img-box\"><div class=\"epyt-gallery-img\" style=\"background-image: url(https:\/\/i.ytimg.com\/vi\/W_pZuuNxtXk\/hqdefault.jpg)\"><div class=\"epyt-gallery-playhover\"><img alt=\"play\" class=\"epyt-play-img\" width=\"30\" height=\"23\" src=\"https:\/\/h22.se\/wp-content\/plugins\/youtube-embed-plus\/images\/playhover.png\" data-no-lazy=\"1\" data-skipgform_ajax_framebjll=\"\" \/><div class=\"epyt-gallery-playcrutch\"><\/div><\/div><\/div><\/div><div class=\"epyt-gallery-title\">Your Secret Weapon: Cultivating Believers, Not Just Reach #shorts<\/div><\/div><div tabindex=\"0\" role=\"button\" data-videoid=\"C2bo2BK_kpA\" class=\"epyt-gallery-thumb\"><div class=\"epyt-gallery-img-box\"><div class=\"epyt-gallery-img\" style=\"background-image: url(https:\/\/i.ytimg.com\/vi\/C2bo2BK_kpA\/hqdefault.jpg)\"><div class=\"epyt-gallery-playhover\"><img alt=\"play\" class=\"epyt-play-img\" width=\"30\" height=\"23\" src=\"https:\/\/h22.se\/wp-content\/plugins\/youtube-embed-plus\/images\/playhover.png\" data-no-lazy=\"1\" data-skipgform_ajax_framebjll=\"\" \/><div class=\"epyt-gallery-playcrutch\"><\/div><\/div><\/div><\/div><div class=\"epyt-gallery-title\">Diversity&#039;s Secret Power: Cross-Industry Innovation Unlocked! #shorts<\/div><\/div><div class=\"epyt-gallery-rowbreak\"><\/div><div tabindex=\"0\" role=\"button\" data-videoid=\"m-AxmBypivs\" class=\"epyt-gallery-thumb\"><div class=\"epyt-gallery-img-box\"><div class=\"epyt-gallery-img\" style=\"background-image: url(https:\/\/i.ytimg.com\/vi\/m-AxmBypivs\/hqdefault.jpg)\"><div class=\"epyt-gallery-playhover\"><img alt=\"play\" class=\"epyt-play-img\" width=\"30\" height=\"23\" src=\"https:\/\/h22.se\/wp-content\/plugins\/youtube-embed-plus\/images\/playhover.png\" data-no-lazy=\"1\" data-skipgform_ajax_framebjll=\"\" \/><div class=\"epyt-gallery-playcrutch\"><\/div><\/div><\/div><\/div><div class=\"epyt-gallery-title\">Audience vs. Community: The BIGGEST Misconception Revealed! #shorts<\/div><\/div><div tabindex=\"0\" role=\"button\" data-videoid=\"ODEQIyfvhew\" class=\"epyt-gallery-thumb\"><div class=\"epyt-gallery-img-box\"><div class=\"epyt-gallery-img\" style=\"background-image: url(https:\/\/i.ytimg.com\/vi\/ODEQIyfvhew\/hqdefault.jpg)\"><div class=\"epyt-gallery-playhover\"><img alt=\"play\" class=\"epyt-play-img\" width=\"30\" height=\"23\" src=\"https:\/\/h22.se\/wp-content\/plugins\/youtube-embed-plus\/images\/playhover.png\" data-no-lazy=\"1\" data-skipgform_ajax_framebjll=\"\" \/><div class=\"epyt-gallery-playcrutch\"><\/div><\/div><\/div><\/div><div class=\"epyt-gallery-title\">Build Vibrant Digital Communities: The Power of Intentional Curation #shorts<\/div><\/div><div tabindex=\"0\" role=\"button\" data-videoid=\"VI-A7c59l10\" class=\"epyt-gallery-thumb\"><div class=\"epyt-gallery-img-box\"><div class=\"epyt-gallery-img\" style=\"background-image: url(https:\/\/i.ytimg.com\/vi\/VI-A7c59l10\/hqdefault.jpg)\"><div class=\"epyt-gallery-playhover\"><img alt=\"play\" class=\"epyt-play-img\" width=\"30\" height=\"23\" src=\"https:\/\/h22.se\/wp-content\/plugins\/youtube-embed-plus\/images\/playhover.png\" data-no-lazy=\"1\" data-skipgform_ajax_framebjll=\"\" \/><div class=\"epyt-gallery-playcrutch\"><\/div><\/div><\/div><\/div><div class=\"epyt-gallery-title\">Build Trust &amp; Belonging in Your Communities #shorts<\/div><\/div><div class=\"epyt-gallery-rowbreak\"><\/div><div tabindex=\"0\" role=\"button\" data-videoid=\"IwMRk0-MiLc\" class=\"epyt-gallery-thumb\"><div class=\"epyt-gallery-img-box\"><div class=\"epyt-gallery-img\" style=\"background-image: url(https:\/\/i.ytimg.com\/vi\/IwMRk0-MiLc\/hqdefault.jpg)\"><div class=\"epyt-gallery-playhover\"><img alt=\"play\" class=\"epyt-play-img\" width=\"30\" height=\"23\" src=\"https:\/\/h22.se\/wp-content\/plugins\/youtube-embed-plus\/images\/playhover.png\" data-no-lazy=\"1\" data-skipgform_ajax_framebjll=\"\" \/><div class=\"epyt-gallery-playcrutch\"><\/div><\/div><\/div><\/div><div class=\"epyt-gallery-title\">Ancient Water Systems: New Mexico&#039;s Secret to Survival #shorts<\/div><\/div><div tabindex=\"0\" role=\"button\" data-videoid=\"e7PD5A_6zcM\" class=\"epyt-gallery-thumb\"><div class=\"epyt-gallery-img-box\"><div class=\"epyt-gallery-img\" style=\"background-image: url(https:\/\/i.ytimg.com\/vi\/e7PD5A_6zcM\/hqdefault.jpg)\"><div class=\"epyt-gallery-playhover\"><img alt=\"play\" class=\"epyt-play-img\" width=\"30\" height=\"23\" src=\"https:\/\/h22.se\/wp-content\/plugins\/youtube-embed-plus\/images\/playhover.png\" data-no-lazy=\"1\" data-skipgform_ajax_framebjll=\"\" \/><div class=\"epyt-gallery-playcrutch\"><\/div><\/div><\/div><\/div><div class=\"epyt-gallery-title\">Kulturhus: Stockholms Vardagsrum f\u00f6r Alla #shorts<\/div><\/div><div tabindex=\"0\" role=\"button\" data-videoid=\"To9TzTLMwyk\" class=\"epyt-gallery-thumb\"><div class=\"epyt-gallery-img-box\"><div class=\"epyt-gallery-img\" style=\"background-image: url(https:\/\/i.ytimg.com\/vi\/To9TzTLMwyk\/hqdefault.jpg)\"><div class=\"epyt-gallery-playhover\"><img alt=\"play\" class=\"epyt-play-img\" width=\"30\" height=\"23\" src=\"https:\/\/h22.se\/wp-content\/plugins\/youtube-embed-plus\/images\/playhover.png\" data-no-lazy=\"1\" data-skipgform_ajax_framebjll=\"\" \/><div class=\"epyt-gallery-playcrutch\"><\/div><\/div><\/div><\/div><div class=\"epyt-gallery-title\">Kulturhusens Roll: Mer \u00c4n Bara M\u00f6tesplatser #shorts<\/div><\/div><div class=\"epyt-gallery-rowbreak\"><\/div><div class=\"epyt-gallery-clear\"><\/div><\/div><div class=\"epyt-pagination \"><div tabindex=\"0\" role=\"button\" class=\"epyt-pagebutton epyt-prev  hide \" data-playlistid=\"UU8msNnlQae3RcIqvjCUjUVA\" data-pagesize=\"15\" data-pagetoken=\"\" data-epcolumns=\"3\" data-showtitle=\"1\" data-showpaging=\"1\" data-autonext=\"0\" data-thumbplay=\"1\"><div class=\"epyt-arrow\">&laquo;<\/div> <div>Prev<\/div><\/div><div class=\"epyt-pagenumbers \"><div class=\"epyt-current\">1<\/div><div class=\"epyt-pageseparator\"> \/ <\/div><div class=\"epyt-totalpages\">57<\/div><\/div><div tabindex=\"0\" role=\"button\" class=\"epyt-pagebutton epyt-next\" data-playlistid=\"UU8msNnlQae3RcIqvjCUjUVA\" data-pagesize=\"15\" data-pagetoken=\"EAAaHlBUOkNBOGlFRVpHTVVVMFJEUkRORVl3TkRjMU1EVQ\" data-epcolumns=\"3\" data-showtitle=\"1\" data-showpaging=\"1\" data-autonext=\"0\" data-thumbplay=\"1\"><div>Next<\/div> <div class=\"epyt-arrow\">&raquo;<\/div><\/div><div class=\"epyt-loader\"><img alt=\"loading\" width=\"16\" height=\"11\" src=\"https:\/\/h22.se\/wp-content\/plugins\/youtube-embed-plus\/images\/gallery-page-loader.gif\"><\/div><\/div><\/div><\/div>\n<p>[\/vc_column_text][\/vc_column][\/vc_row][\/vc_section]<\/p>\n","protected":false},"excerpt":{"rendered":"<p>[vc_section full_width=&#8221;stretch_row&#8221; text_color=&#8221;white&#8221; min_height=&#8221;60vh&#8221; content_alignment=&#8221;center&#8221; bg_image=&#8221;13815&#8243; bg_size=&#8221;cover&#8221; bg_pos=&#8221;bottom&#8221; el_class=&#8221;partner-bar min-height-20vh&#8221; css=&#8221;.vc_custom_1592319778403{background-color: #0095db !important;background-position: center !important;background-repeat: no-repeat !important;background-size: cover !important;}&#8221;][\/vc_section][vc_section][vc_row css=&#8221;.vc_custom_1588765705328{margin-top: 0px !important;margin-right: 0px !important;margin-bottom: 0px !important;margin-left:<span class=\"excerpt-hellip\"> [\u2026]<\/span><\/p>\n","protected":false},"author":1,"featured_media":0,"parent":0,"menu_order":0,"comment_status":"closed","ping_status":"closed","template":"","meta":{"inline_featured_image":false},"page-tag":[],"connect-tag":[],"yoast_head":"<!-- This site is optimized with the Yoast SEO plugin v21.5 - https:\/\/yoast.com\/wordpress\/plugins\/seo\/ -->\n<title>The Voice - H22<\/title>\n<meta name=\"robots\" content=\"index, follow, max-snippet:-1, max-image-preview:large, max-video-preview:-1\" \/>\n<link rel=\"canonical\" href=\"https:\/\/h22.se\/en\/the-voice\/\" \/>\n<meta property=\"og:locale\" content=\"en_US\" \/>\n<meta property=\"og:type\" content=\"article\" \/>\n<meta property=\"og:title\" content=\"The Voice - H22\" \/>\n<meta property=\"og:description\" content=\"[vc_section full_width=&#8221;stretch_row&#8221; text_color=&#8221;white&#8221; min_height=&#8221;60vh&#8221; content_alignment=&#8221;center&#8221; bg_image=&#8221;13815&#8243; bg_size=&#8221;cover&#8221; bg_pos=&#8221;bottom&#8221; el_class=&#8221;partner-bar min-height-20vh&#8221; css=&#8221;.vc_custom_1592319778403{background-color: #0095db !important;background-position: center !important;background-repeat: no-repeat !important;background-size: cover !important;}&#8221;][\/vc_section][vc_section][vc_row css=&#8221;.vc_custom_1588765705328{margin-top: 0px !important;margin-right: 0px !important;margin-bottom: 0px !important;margin-left: [\u2026]\" \/>\n<meta property=\"og:url\" content=\"https:\/\/h22.se\/en\/the-voice\/\" \/>\n<meta property=\"og:site_name\" content=\"H22\" \/>\n<meta property=\"article:modified_time\" content=\"2021-07-05T08:51:21+00:00\" \/>\n<meta property=\"og:image\" content=\"https:\/\/h22.se\/wp-content\/uploads\/2020\/05\/H22_Maj_2020.jpg\" \/>\n\t<meta property=\"og:image:width\" content=\"1920\" \/>\n\t<meta property=\"og:image:height\" content=\"1080\" \/>\n\t<meta property=\"og:image:type\" content=\"image\/jpeg\" \/>\n<meta name=\"twitter:card\" content=\"summary_large_image\" \/>\n<meta name=\"twitter:label1\" content=\"Est. reading time\" \/>\n\t<meta name=\"twitter:data1\" content=\"1 minute\" \/>\n<script type=\"application\/ld+json\" class=\"yoast-schema-graph\">{\"@context\":\"https:\/\/schema.org\",\"@graph\":[{\"@type\":\"WebPage\",\"@id\":\"https:\/\/h22.se\/en\/the-voice\/\",\"url\":\"https:\/\/h22.se\/en\/the-voice\/\",\"name\":\"The Voice - H22\",\"isPartOf\":{\"@id\":\"https:\/\/h22.se\/en\/#website\"},\"datePublished\":\"2020-06-28T11:36:01+00:00\",\"dateModified\":\"2021-07-05T08:51:21+00:00\",\"breadcrumb\":{\"@id\":\"https:\/\/h22.se\/en\/the-voice\/#breadcrumb\"},\"inLanguage\":\"en-US\",\"potentialAction\":[{\"@type\":\"ReadAction\",\"target\":[\"https:\/\/h22.se\/en\/the-voice\/\"]}]},{\"@type\":\"BreadcrumbList\",\"@id\":\"https:\/\/h22.se\/en\/the-voice\/#breadcrumb\",\"itemListElement\":[{\"@type\":\"ListItem\",\"position\":1,\"name\":\"Hem\",\"item\":\"https:\/\/h22.se\/en\/\"},{\"@type\":\"ListItem\",\"position\":2,\"name\":\"The Voice\"}]},{\"@type\":\"WebSite\",\"@id\":\"https:\/\/h22.se\/en\/#website\",\"url\":\"https:\/\/h22.se\/en\/\",\"name\":\"H22\",\"description\":\"The making of a smarter city\",\"publisher\":{\"@id\":\"https:\/\/h22.se\/en\/#organization\"},\"potentialAction\":[{\"@type\":\"SearchAction\",\"target\":{\"@type\":\"EntryPoint\",\"urlTemplate\":\"https:\/\/h22.se\/en\/?s={search_term_string}\"},\"query-input\":\"required name=search_term_string\"}],\"inLanguage\":\"en-US\"},{\"@type\":\"Organization\",\"@id\":\"https:\/\/h22.se\/en\/#organization\",\"name\":\"H22 | The making of a smarter city\",\"url\":\"https:\/\/h22.se\/en\/\",\"logo\":{\"@type\":\"ImageObject\",\"inLanguage\":\"en-US\",\"@id\":\"https:\/\/h22.se\/en\/#\/schema\/logo\/image\/\",\"url\":\"https:\/\/h22.se\/wp-content\/uploads\/2020\/06\/h22-logo.png\",\"contentUrl\":\"https:\/\/h22.se\/wp-content\/uploads\/2020\/06\/h22-logo.png\",\"width\":313,\"height\":165,\"caption\":\"H22 | The making of a smarter city\"},\"image\":{\"@id\":\"https:\/\/h22.se\/en\/#\/schema\/logo\/image\/\"}}]}<\/script>\n<!-- \/ Yoast SEO plugin. -->","yoast_head_json":{"title":"The Voice - H22","robots":{"index":"index","follow":"follow","max-snippet":"max-snippet:-1","max-image-preview":"max-image-preview:large","max-video-preview":"max-video-preview:-1"},"canonical":"https:\/\/h22.se\/en\/the-voice\/","og_locale":"en_US","og_type":"article","og_title":"The Voice - H22","og_description":"[vc_section full_width=&#8221;stretch_row&#8221; text_color=&#8221;white&#8221; min_height=&#8221;60vh&#8221; content_alignment=&#8221;center&#8221; bg_image=&#8221;13815&#8243; bg_size=&#8221;cover&#8221; bg_pos=&#8221;bottom&#8221; el_class=&#8221;partner-bar min-height-20vh&#8221; css=&#8221;.vc_custom_1592319778403{background-color: #0095db !important;background-position: center !important;background-repeat: no-repeat !important;background-size: cover !important;}&#8221;][\/vc_section][vc_section][vc_row css=&#8221;.vc_custom_1588765705328{margin-top: 0px !important;margin-right: 0px !important;margin-bottom: 0px !important;margin-left: [\u2026]","og_url":"https:\/\/h22.se\/en\/the-voice\/","og_site_name":"H22","article_modified_time":"2021-07-05T08:51:21+00:00","og_image":[{"width":1920,"height":1080,"url":"https:\/\/h22.se\/wp-content\/uploads\/2020\/05\/H22_Maj_2020.jpg","type":"image\/jpeg"}],"twitter_card":"summary_large_image","twitter_misc":{"Est. reading time":"1 minute"},"schema":{"@context":"https:\/\/schema.org","@graph":[{"@type":"WebPage","@id":"https:\/\/h22.se\/en\/the-voice\/","url":"https:\/\/h22.se\/en\/the-voice\/","name":"The Voice - H22","isPartOf":{"@id":"https:\/\/h22.se\/en\/#website"},"datePublished":"2020-06-28T11:36:01+00:00","dateModified":"2021-07-05T08:51:21+00:00","breadcrumb":{"@id":"https:\/\/h22.se\/en\/the-voice\/#breadcrumb"},"inLanguage":"en-US","potentialAction":[{"@type":"ReadAction","target":["https:\/\/h22.se\/en\/the-voice\/"]}]},{"@type":"BreadcrumbList","@id":"https:\/\/h22.se\/en\/the-voice\/#breadcrumb","itemListElement":[{"@type":"ListItem","position":1,"name":"Hem","item":"https:\/\/h22.se\/en\/"},{"@type":"ListItem","position":2,"name":"The Voice"}]},{"@type":"WebSite","@id":"https:\/\/h22.se\/en\/#website","url":"https:\/\/h22.se\/en\/","name":"H22","description":"The making of a smarter city","publisher":{"@id":"https:\/\/h22.se\/en\/#organization"},"potentialAction":[{"@type":"SearchAction","target":{"@type":"EntryPoint","urlTemplate":"https:\/\/h22.se\/en\/?s={search_term_string}"},"query-input":"required name=search_term_string"}],"inLanguage":"en-US"},{"@type":"Organization","@id":"https:\/\/h22.se\/en\/#organization","name":"H22 | The making of a smarter city","url":"https:\/\/h22.se\/en\/","logo":{"@type":"ImageObject","inLanguage":"en-US","@id":"https:\/\/h22.se\/en\/#\/schema\/logo\/image\/","url":"https:\/\/h22.se\/wp-content\/uploads\/2020\/06\/h22-logo.png","contentUrl":"https:\/\/h22.se\/wp-content\/uploads\/2020\/06\/h22-logo.png","width":313,"height":165,"caption":"H22 | The making of a smarter city"},"image":{"@id":"https:\/\/h22.se\/en\/#\/schema\/logo\/image\/"}}]}},"publishpress_future_action":{"enabled":false,"date":"2026-05-04 21:48:44","action":"change-status","newStatus":"draft","terms":[],"taxonomy":"translation_priority"},"publishpress_future_workflow_manual_trigger":{"enabledWorkflows":[]},"_links":{"self":[{"href":"https:\/\/h22.se\/en\/wp-json\/wp\/v2\/pages\/357312"}],"collection":[{"href":"https:\/\/h22.se\/en\/wp-json\/wp\/v2\/pages"}],"about":[{"href":"https:\/\/h22.se\/en\/wp-json\/wp\/v2\/types\/page"}],"author":[{"embeddable":true,"href":"https:\/\/h22.se\/en\/wp-json\/wp\/v2\/users\/1"}],"replies":[{"embeddable":true,"href":"https:\/\/h22.se\/en\/wp-json\/wp\/v2\/comments?post=357312"}],"version-history":[{"count":10,"href":"https:\/\/h22.se\/en\/wp-json\/wp\/v2\/pages\/357312\/revisions"}],"predecessor-version":[{"id":374605,"href":"https:\/\/h22.se\/en\/wp-json\/wp\/v2\/pages\/357312\/revisions\/374605"}],"wp:attachment":[{"href":"https:\/\/h22.se\/en\/wp-json\/wp\/v2\/media?parent=357312"}],"wp:term":[{"taxonomy":"page-tag","embeddable":true,"href":"https:\/\/h22.se\/en\/wp-json\/wp\/v2\/page-tag?post=357312"},{"taxonomy":"connect-tag","embeddable":true,"href":"https:\/\/h22.se\/en\/wp-json\/wp\/v2\/connect-tag?post=357312"}],"curies":[{"name":"wp","href":"https:\/\/api.w.org\/{rel}","templated":true}]}}