
{"id":354897,"date":"2020-06-11T11:35:01","date_gmt":"2020-06-11T09:35:01","guid":{"rendered":"http:\/\/h22expo.se.loopiadns.com\/om-helsingborg\/"},"modified":"2021-01-11T11:16:16","modified_gmt":"2021-01-11T10:16:16","slug":"about-helsingborg","status":"publish","type":"page","link":"https:\/\/h22.se\/en\/about-helsingborg\/","title":{"rendered":"About Helsingborg"},"content":{"rendered":"<p>[vc_section full_width=&#8221;stretch_row&#8221; min_height=&#8221;60vh&#8221; bg_image=&#8221;16337&#8243; css=&#8221;.vc_custom_1591792178445{background-color: #0095db !important;background-position: center !important;background-repeat: no-repeat !important;background-size: cover !important;}&#8221; el_class=&#8221;min-height-20vh&#8221;][\/vc_section][vc_section el_class=&#8221;action-subsection&#8221;][vc_row css=&#8221;.vc_custom_1588765705328{margin-top: 0px !important;margin-right: 0px !important;margin-bottom: 0px !important;margin-left: 0px !important;padding-top: 0px !important;padding-right: 0px !important;padding-bottom: 0px !important;padding-left: 0px !important;}&#8221;][vc_column][vc_row_inner el_class=&#8221;contact-logo-header&#8221; css=&#8221;.vc_custom_1591795908602{background-color: #ffffff !important;}&#8221;][vc_column_inner el_class=&#8221;top-section-max-left&#8221;][vc_custom_heading text=&#8221;ABOUT HELSINGBORG&#8221; font_container=&#8221;tag:h1|text_align:left|color:%230095db&#8221; use_theme_fonts=&#8221;yes&#8221; css=&#8221;.vc_custom_1592319495613{padding-bottom: 30px !important;}&#8221; el_class=&#8221;titelborderblue&#8221;][\/vc_column_inner][\/vc_row_inner][\/vc_column][\/vc_row][\/vc_section][vc_section el_class=&#8221;action-main-section&#8221;][vc_row gap=&#8221;35&#8243;][vc_column width=&#8221;2\/3&#8243; el_class=&#8221;projects-left-col&#8221;][vc_custom_heading text=&#8221;Welcome to<br \/>\nHelsingborg!&#8221; font_container=&#8221;tag:h1|text_align:left|color:%230095db&#8221; use_theme_fonts=&#8221;yes&#8221; css=&#8221;.vc_custom_1592319522828{padding-bottom: 25px !important;}&#8221;][vc_column_text]<\/p>\n<p>Helsingborg is one of the oldest cities in the Nordic region and people have been living here since the 10<sup>th<\/sup> century. The city\u2019s long history is evident in the medieval remains found between great boulevards, colourful shopping streets, and pillars of culture such as the Concert Hall, City Theatre, and Dunkers kulturhus. Helsingborg is located in Northwest Sk\u00e5ne, where the \u00d6resund strait is at its narrowest and where Denmark and Helsing\u00f6r are only 5 km away.<\/p>\n<p>In our city, you can enjoy historical monuments, beautiful castles, and breathtaking nature. Why not explore the amazing shopping district or even visit our neighbours in Denmark? The ferries leave every 20 minutes, and the trip there takes the same time.<\/p>\n<p>In Helsingborg, we like to go bathing all year round. In the summer, we pack a picnic and head off to one of the beaches found in the heart of the city, and in the winter, we visit one of our three cold water bathhouses. The city has an amazing range of dining experiences and is one of Sweden\u2019s cities with most restaurants per capita. You can find everything from cosy <em>Kryp in<\/em> on Mariatorget square to shoreside eateries with a fantastic view over the strait. It\u2019s a place that\u2019s easy to enjoy, and there\u2019s also free WIFI throughout the city.<\/p>\n<p>We want Helsingborg to be an obvious choice for people and for businesses. Come and see what all the fuss is about!<\/p>\n<p><span style=\"color: #0095db;\"><strong>Welcome!<\/strong><\/span><\/p>\n<p>[\/vc_column_text][\/vc_column][vc_column width=&#8221;1\/3&#8243; bg_color=&#8221;custom&#8221; bg_color_hex=&#8221;#fbfbfb&#8221; inner_class=&#8221;hide-me&#8221; css=&#8221;.vc_custom_1591877191712{padding-right: 30px !important;padding-left: 30px !important;background-color: #f2f2f2 !important;}&#8221;][vc_single_image image=&#8221;354579&#8243; img_size=&#8221;full&#8221; css=&#8221;.vc_custom_1591965852294{margin-top: 0px !important;}&#8221;][vc_column_text el_class=&#8221;project-info-name&#8221;]<\/p>\n<p>Visit <strong><a href=\"https:\/\/visithelsingborg.com\" target=\"_blank\" rel=\"noopener noreferrer\">visithelsingborg.com<\/a><\/strong><br \/>\nto see what&#8217;s going on in town while you&#8217;re here.<\/p>\n<p>[\/vc_column_text][\/vc_column][\/vc_row][\/vc_section][vc_section css=&#8221;.vc_custom_1591885043161{margin-bottom: 20px !important;}&#8221;][vc_row css=&#8221;.vc_custom_1591777448200{margin-bottom: 0px !important;padding-bottom: 0px !important;}&#8221;][vc_column css=&#8221;.vc_custom_1591777841066{margin-bottom: 0px !important;padding-right: 0px !important;padding-bottom: 0px !important;}&#8221;][vc_single_image image=&#8221;354443&#8243; img_size=&#8221;full&#8221; css=&#8221;.vc_custom_1591873707808{margin-bottom: -25px !important;padding-top: 0px !important;padding-right: 0px !important;padding-bottom: 0px !important;padding-left: 0px !important;}&#8221;][\/vc_column][\/vc_row][vc_row css=&#8221;.vc_custom_1591884627106{margin-bottom: 0px !important;padding-bottom: 0px !important;}&#8221;][vc_column css=&#8221;.vc_custom_1591884717523{margin-bottom: -30px !important;padding-right: 0px !important;padding-bottom: 0px !important;}&#8221;][vc_column_text]<\/p>\n<div class=\"mapouter\">\n<div class=\"gmap_canvas\"><iframe loading=\"lazy\" id=\"gmap_canvas\" src=\"https:\/\/maps.google.com\/maps?q=Helsingborg&amp;t=&amp;z=13&amp;ie=UTF8&amp;iwloc=&amp;output=embed\" width=\"100%\" height=\"590\" frameborder=\"0\" marginwidth=\"0\" marginheight=\"0\" scrolling=\"no\"><\/iframe><a href=\"https:\/\/www.embedgooglemap.net\/en\/\">google maps iframe<\/a><\/div>\n<style>.mapouter{position:relative;text-align:right;height:590px;width:100%;}.gmap_canvas {overflow:hidden;background:none!important;height:590px;width:100%;}<\/style>\n<\/div>\n<p>[\/vc_column_text][\/vc_column][\/vc_row][vc_row equal_height=&#8221;yes&#8221; content_placement=&#8221;middle&#8221; css=&#8221;.vc_custom_1591777549002{margin-top: 10px !important;padding-top: 0px !important;}&#8221;][vc_column width=&#8221;1\/2&#8243; css=&#8221;.vc_custom_1591777239680{margin-bottom: 0px !important;padding-bottom: 0px !important;}&#8221;][vc_single_image image=&#8221;354472&#8243; img_size=&#8221;full&#8221; css=&#8221;.vc_custom_1591873785285{margin-bottom: -35px !important;padding-bottom: 0px !important;}&#8221;][\/vc_column][vc_column width=&#8221;1\/2&#8243; css=&#8221;.vc_custom_1591874327841{background-color: #0095db !important;}&#8221;][vc_row_inner][vc_column_inner el_class=&#8221;white-p&#8221; css=&#8221;.vc_custom_1591777969062{padding-top: 55px !important;padding-right: 55px !important;padding-bottom: 55px !important;padding-left: 55px !important;}&#8221;][vc_separator color=&#8221;white&#8221; align=&#8221;align_left&#8221; border_width=&#8221;6&#8243; el_width=&#8221;20&#8243;][vc_column_text]<\/p>\n<p><span style=\"font-size: 48px; line-height: 1.2;\">By 2035, Helsingborg shall be a creative, vibrant, united, global, and balanced city for both people and businesses.<br \/>\n<\/span><\/p>\n<p>[\/vc_column_text][\/vc_column_inner][\/vc_row_inner][\/vc_column][\/vc_row][\/vc_section][vc_section el_class=&#8221;hideincell&#8221;][vc_row css=&#8221;.vc_custom_1591777448200{margin-bottom: 0px !important;padding-bottom: 0px !important;}&#8221;][vc_column css=&#8221;.vc_custom_1591777841066{margin-bottom: 0px !important;padding-right: 0px !important;padding-bottom: 0px !important;}&#8221;][vc_single_image image=&#8221;354451&#8243; img_size=&#8221;full&#8221; css=&#8221;.vc_custom_1591878272030{margin-bottom: -25px !important;padding-top: 0px !important;padding-right: 0px !important;padding-bottom: 0px !important;padding-left: 0px !important;}&#8221;][\/vc_column][\/vc_row][vc_row equal_height=&#8221;yes&#8221; content_placement=&#8221;middle&#8221; css=&#8221;.vc_custom_1591777549002{margin-top: 10px !important;padding-top: 0px !important;}&#8221;][vc_column width=&#8221;1\/2&#8243; css=&#8221;.vc_custom_1591874090387{margin-bottom: 0px !important;padding-right: 0px !important;padding-bottom: 0px !important;}&#8221;][vc_single_image image=&#8221;354479&#8243; img_size=&#8221;full&#8221; css=&#8221;.vc_custom_1591874220778{padding-bottom: 0px !important;}&#8221;][\/vc_column][vc_column width=&#8221;1\/2&#8243; css=&#8221;.vc_custom_1591874079511{margin-bottom: 0px !important;padding-right: 0px !important;padding-bottom: 0px !important;}&#8221;][vc_single_image image=&#8221;354481&#8243; img_size=&#8221;full&#8221; css=&#8221;.vc_custom_1591874245307{padding-bottom: 0px !important;}&#8221;][\/vc_column][\/vc_row][\/vc_section]<\/p>\n","protected":false},"excerpt":{"rendered":"<p>[vc_section full_width=&#8221;stretch_row&#8221; min_height=&#8221;60vh&#8221; bg_image=&#8221;16337&#8243; css=&#8221;.vc_custom_1591792178445{background-color: #0095db !important;background-position: center !important;background-repeat: no-repeat !important;background-size: cover !important;}&#8221; el_class=&#8221;min-height-20vh&#8221;][\/vc_section][vc_section el_class=&#8221;action-subsection&#8221;][vc_row css=&#8221;.vc_custom_1588765705328{margin-top: 0px !important;margin-right: 0px !important;margin-bottom: 0px !important;margin-left: 0px !important;padding-top: 0px !important;padding-right:<span class=\"excerpt-hellip\"> [\u2026]<\/span><\/p>\n","protected":false},"author":1,"featured_media":0,"parent":0,"menu_order":0,"comment_status":"closed","ping_status":"closed","template":"","meta":{"inline_featured_image":false},"page-tag":[],"connect-tag":[],"yoast_head":"<!-- This site is optimized with the Yoast SEO plugin v21.5 - https:\/\/yoast.com\/wordpress\/plugins\/seo\/ -->\n<title>About Helsingborg - H22<\/title>\n<meta name=\"robots\" content=\"index, follow, max-snippet:-1, max-image-preview:large, max-video-preview:-1\" \/>\n<link rel=\"canonical\" href=\"https:\/\/h22.se\/en\/about-helsingborg\/\" \/>\n<meta property=\"og:locale\" content=\"en_US\" \/>\n<meta property=\"og:type\" content=\"article\" \/>\n<meta property=\"og:title\" content=\"About Helsingborg - H22\" \/>\n<meta property=\"og:description\" content=\"[vc_section full_width=&#8221;stretch_row&#8221; min_height=&#8221;60vh&#8221; bg_image=&#8221;16337&#8243; css=&#8221;.vc_custom_1591792178445{background-color: #0095db !important;background-position: center !important;background-repeat: no-repeat !important;background-size: cover !important;}&#8221; el_class=&#8221;min-height-20vh&#8221;][\/vc_section][vc_section el_class=&#8221;action-subsection&#8221;][vc_row css=&#8221;.vc_custom_1588765705328{margin-top: 0px !important;margin-right: 0px !important;margin-bottom: 0px !important;margin-left: 0px !important;padding-top: 0px !important;padding-right: [\u2026]\" \/>\n<meta property=\"og:url\" content=\"https:\/\/h22.se\/en\/about-helsingborg\/\" \/>\n<meta property=\"og:site_name\" content=\"H22\" \/>\n<meta property=\"article:modified_time\" content=\"2021-01-11T10:16:16+00:00\" \/>\n<meta property=\"og:image\" content=\"https:\/\/h22.se\/wp-content\/uploads\/2020\/05\/H22_Maj_2020.jpg\" \/>\n\t<meta property=\"og:image:width\" content=\"1920\" \/>\n\t<meta property=\"og:image:height\" content=\"1080\" \/>\n\t<meta property=\"og:image:type\" content=\"image\/jpeg\" \/>\n<meta name=\"twitter:card\" content=\"summary_large_image\" \/>\n<meta name=\"twitter:label1\" content=\"Est. reading time\" \/>\n\t<meta name=\"twitter:data1\" content=\"4 minutes\" \/>\n<script type=\"application\/ld+json\" class=\"yoast-schema-graph\">{\"@context\":\"https:\/\/schema.org\",\"@graph\":[{\"@type\":\"WebPage\",\"@id\":\"https:\/\/h22.se\/en\/about-helsingborg\/\",\"url\":\"https:\/\/h22.se\/en\/about-helsingborg\/\",\"name\":\"About Helsingborg - H22\",\"isPartOf\":{\"@id\":\"https:\/\/h22.se\/en\/#website\"},\"datePublished\":\"2020-06-11T09:35:01+00:00\",\"dateModified\":\"2021-01-11T10:16:16+00:00\",\"breadcrumb\":{\"@id\":\"https:\/\/h22.se\/en\/about-helsingborg\/#breadcrumb\"},\"inLanguage\":\"en-US\",\"potentialAction\":[{\"@type\":\"ReadAction\",\"target\":[\"https:\/\/h22.se\/en\/about-helsingborg\/\"]}]},{\"@type\":\"BreadcrumbList\",\"@id\":\"https:\/\/h22.se\/en\/about-helsingborg\/#breadcrumb\",\"itemListElement\":[{\"@type\":\"ListItem\",\"position\":1,\"name\":\"Hem\",\"item\":\"https:\/\/h22.se\/en\/\"},{\"@type\":\"ListItem\",\"position\":2,\"name\":\"About Helsingborg\"}]},{\"@type\":\"WebSite\",\"@id\":\"https:\/\/h22.se\/en\/#website\",\"url\":\"https:\/\/h22.se\/en\/\",\"name\":\"H22\",\"description\":\"The making of a smarter city\",\"publisher\":{\"@id\":\"https:\/\/h22.se\/en\/#organization\"},\"potentialAction\":[{\"@type\":\"SearchAction\",\"target\":{\"@type\":\"EntryPoint\",\"urlTemplate\":\"https:\/\/h22.se\/en\/?s={search_term_string}\"},\"query-input\":\"required name=search_term_string\"}],\"inLanguage\":\"en-US\"},{\"@type\":\"Organization\",\"@id\":\"https:\/\/h22.se\/en\/#organization\",\"name\":\"H22 | The making of a smarter city\",\"url\":\"https:\/\/h22.se\/en\/\",\"logo\":{\"@type\":\"ImageObject\",\"inLanguage\":\"en-US\",\"@id\":\"https:\/\/h22.se\/en\/#\/schema\/logo\/image\/\",\"url\":\"https:\/\/h22.se\/wp-content\/uploads\/2020\/06\/h22-logo.png\",\"contentUrl\":\"https:\/\/h22.se\/wp-content\/uploads\/2020\/06\/h22-logo.png\",\"width\":313,\"height\":165,\"caption\":\"H22 | The making of a smarter city\"},\"image\":{\"@id\":\"https:\/\/h22.se\/en\/#\/schema\/logo\/image\/\"}}]}<\/script>\n<!-- \/ Yoast SEO plugin. -->","yoast_head_json":{"title":"About Helsingborg - H22","robots":{"index":"index","follow":"follow","max-snippet":"max-snippet:-1","max-image-preview":"max-image-preview:large","max-video-preview":"max-video-preview:-1"},"canonical":"https:\/\/h22.se\/en\/about-helsingborg\/","og_locale":"en_US","og_type":"article","og_title":"About Helsingborg - H22","og_description":"[vc_section full_width=&#8221;stretch_row&#8221; min_height=&#8221;60vh&#8221; bg_image=&#8221;16337&#8243; css=&#8221;.vc_custom_1591792178445{background-color: #0095db !important;background-position: center !important;background-repeat: no-repeat !important;background-size: cover !important;}&#8221; el_class=&#8221;min-height-20vh&#8221;][\/vc_section][vc_section el_class=&#8221;action-subsection&#8221;][vc_row css=&#8221;.vc_custom_1588765705328{margin-top: 0px !important;margin-right: 0px !important;margin-bottom: 0px !important;margin-left: 0px !important;padding-top: 0px !important;padding-right: [\u2026]","og_url":"https:\/\/h22.se\/en\/about-helsingborg\/","og_site_name":"H22","article_modified_time":"2021-01-11T10:16:16+00:00","og_image":[{"width":1920,"height":1080,"url":"https:\/\/h22.se\/wp-content\/uploads\/2020\/05\/H22_Maj_2020.jpg","type":"image\/jpeg"}],"twitter_card":"summary_large_image","twitter_misc":{"Est. reading time":"4 minutes"},"schema":{"@context":"https:\/\/schema.org","@graph":[{"@type":"WebPage","@id":"https:\/\/h22.se\/en\/about-helsingborg\/","url":"https:\/\/h22.se\/en\/about-helsingborg\/","name":"About Helsingborg - H22","isPartOf":{"@id":"https:\/\/h22.se\/en\/#website"},"datePublished":"2020-06-11T09:35:01+00:00","dateModified":"2021-01-11T10:16:16+00:00","breadcrumb":{"@id":"https:\/\/h22.se\/en\/about-helsingborg\/#breadcrumb"},"inLanguage":"en-US","potentialAction":[{"@type":"ReadAction","target":["https:\/\/h22.se\/en\/about-helsingborg\/"]}]},{"@type":"BreadcrumbList","@id":"https:\/\/h22.se\/en\/about-helsingborg\/#breadcrumb","itemListElement":[{"@type":"ListItem","position":1,"name":"Hem","item":"https:\/\/h22.se\/en\/"},{"@type":"ListItem","position":2,"name":"About Helsingborg"}]},{"@type":"WebSite","@id":"https:\/\/h22.se\/en\/#website","url":"https:\/\/h22.se\/en\/","name":"H22","description":"The making of a smarter city","publisher":{"@id":"https:\/\/h22.se\/en\/#organization"},"potentialAction":[{"@type":"SearchAction","target":{"@type":"EntryPoint","urlTemplate":"https:\/\/h22.se\/en\/?s={search_term_string}"},"query-input":"required name=search_term_string"}],"inLanguage":"en-US"},{"@type":"Organization","@id":"https:\/\/h22.se\/en\/#organization","name":"H22 | The making of a smarter city","url":"https:\/\/h22.se\/en\/","logo":{"@type":"ImageObject","inLanguage":"en-US","@id":"https:\/\/h22.se\/en\/#\/schema\/logo\/image\/","url":"https:\/\/h22.se\/wp-content\/uploads\/2020\/06\/h22-logo.png","contentUrl":"https:\/\/h22.se\/wp-content\/uploads\/2020\/06\/h22-logo.png","width":313,"height":165,"caption":"H22 | The making of a smarter city"},"image":{"@id":"https:\/\/h22.se\/en\/#\/schema\/logo\/image\/"}}]}},"publishpress_future_action":{"enabled":false,"date":"2026-05-22 11:25:09","action":"change-status","newStatus":"draft","terms":[],"taxonomy":"translation_priority"},"publishpress_future_workflow_manual_trigger":{"enabledWorkflows":[]},"_links":{"self":[{"href":"https:\/\/h22.se\/en\/wp-json\/wp\/v2\/pages\/354897"}],"collection":[{"href":"https:\/\/h22.se\/en\/wp-json\/wp\/v2\/pages"}],"about":[{"href":"https:\/\/h22.se\/en\/wp-json\/wp\/v2\/types\/page"}],"author":[{"embeddable":true,"href":"https:\/\/h22.se\/en\/wp-json\/wp\/v2\/users\/1"}],"replies":[{"embeddable":true,"href":"https:\/\/h22.se\/en\/wp-json\/wp\/v2\/comments?post=354897"}],"version-history":[{"count":9,"href":"https:\/\/h22.se\/en\/wp-json\/wp\/v2\/pages\/354897\/revisions"}],"predecessor-version":[{"id":370075,"href":"https:\/\/h22.se\/en\/wp-json\/wp\/v2\/pages\/354897\/revisions\/370075"}],"wp:attachment":[{"href":"https:\/\/h22.se\/en\/wp-json\/wp\/v2\/media?parent=354897"}],"wp:term":[{"taxonomy":"page-tag","embeddable":true,"href":"https:\/\/h22.se\/en\/wp-json\/wp\/v2\/page-tag?post=354897"},{"taxonomy":"connect-tag","embeddable":true,"href":"https:\/\/h22.se\/en\/wp-json\/wp\/v2\/connect-tag?post=354897"}],"curies":[{"name":"wp","href":"https:\/\/api.w.org\/{rel}","templated":true}]}}